{"id":1173,"date":"2013-11-04T17:49:33","date_gmt":"2013-11-04T17:49:33","guid":{"rendered":"https:\/\/www.stemat-jansen.fr\/?page_id=1173"},"modified":"2023-02-20T11:45:20","modified_gmt":"2023-02-20T11:45:20","slug":"mentions-legales","status":"publish","type":"page","link":"https:\/\/www.stemat-jansen.fr\/?page_id=1173","title":{"rendered":"Mentions l\u00e9gales"},"content":{"rendered":"<p>Ce site est la propri\u00e9t\u00e9 exclusive de <a title=\"Stemat-Jansen, sp\u00e9cialiste de la robinetterie industrielle\" href=\"https:\/\/www.stemat-jansen.fr\/\">STEMAT JANSEN<\/a>.<\/p>\n<p>Toute reproduction, m\u00eame partielle, de ce site est strictement interdite sauf autorisation sp\u00e9ciale \u00e9crite de son administrateur.<\/p>\n<p>Si\u00e8ge social :<br \/>\nStemat Jansen<br \/>\n30 rue Henri Durr\u00e9 &#8211; 59590 Raismes<br \/>\nTel:. 00 33 (0)3 27 36 70 12<br \/>\nFax:. 00 33 (0)3 27 36 75 20<\/p>\n<p><span style=\"line-height: 1.714285714; font-size: 1rem;\">Propri\u00e9t\u00e9 Intellectuelle<br \/>\n<\/span>Le pr\u00e9sent site est la propri\u00e9t\u00e9 de Stemat Jansen qui en est l\u2019auteur au sens des articles L. 111.1 et suivants du Code de la propri\u00e9t\u00e9 intellectuelle. Les photographies, textes, slogans, dessins, images, s\u00e9quences anim\u00e9es sonores ou non ainsi que toutes \u0153uvres int\u00e9gr\u00e9es dans le site sont la propri\u00e9t\u00e9 de Stemat Jansen ou de tiers ayant autoris\u00e9 Stemat Jansen \u00e0 les utiliser. La reproduction, sur un support papier ou informatique, du site est autoris\u00e9e sous r\u00e9serve qu\u2019elle soit strictement r\u00e9serv\u00e9e \u00e0 un usage personnel, excluant tout usage \u00e0 des fins publicitaires et\/ou commerciales et\/ou d\u2019informations, et qu\u2019elle soit conforme aux dispositions de l\u2019article L122-5 du Code de la Propri\u00e9t\u00e9 Intellectuelle. A l\u2019exception des dispositions ci-dessus, toute reproduction, repr\u00e9sentation, utilisation ou modification, par quelque proc\u00e9d\u00e9 que ce soit et sur quelque support que ce soit, de tout ou partie du site, de tout ou partie des contenus qui le composent, sans avoir obtenu l\u2019autorisation pr\u00e9alable de Stemat Jansen, est strictement interdite et constitue un d\u00e9lit de contrefa\u00e7on.<\/p>\n<p>Cr\u00e9dit photos : Stemat Jansen.<\/p>\n<p>Conform\u00e9ment \u00e0 l\u2019article 34 de la loi Informatique et Libert\u00e9 du 6 janvier 1978, vous disposez d\u2019un droit d\u2019acc\u00e8s, de modification, de rectification et de suppression des donn\u00e9es vous concernant. Si vous ne souhaitez plus recevoir d\u2019information par e-mail, contactez-nous par e-mail ou par courrier.<\/p>\n<p>&#8211; \u2013 \u2013 \u2013 \u2013 \u2013 \u2013 \u2013 \u2013 \u2013 \u2013 \u2013 \u2013 \u2013 \u2013 \u2013 \u2013 &#8211;<\/p>\n<p>H\u00e9bergeur<br \/>\nINFOMANIAK<br \/>\nRue Eug\u00e8ne Marziano 25 \u2013 1227 Les Acacias (GE)<br \/>\nSite Web : www.infomaniak.com<\/p>\n","protected":false},"excerpt":{"rendered":"<p>Ce site est la propri\u00e9t\u00e9 exclusive de STEMAT JANSEN. Toute reproduction, m\u00eame partielle, de ce site est strictement interdite sauf autorisation sp\u00e9ciale \u00e9crite de son administrateur. Si\u00e8ge social : Stemat Jansen 30 rue Henri Durr\u00e9 &#8211; 59590 Raismes Tel:. 00 33 (0)3 27 36 70 12 Fax:. 00 33 (0)3 27 36 75 20 Propri\u00e9t\u00e9 [&hellip;]<\/p>\n","protected":false},"author":16,"featured_media":0,"parent":0,"menu_order":0,"comment_status":"closed","ping_status":"closed","template":"tpl-mentions.php","meta":{"_acf_changed":false,"inline_featured_image":false,"footnotes":""},"class_list":["post-1173","page","type-page","status-publish","hentry"],"acf":[],"yoast_head":"<!-- This site is optimized with the Yoast SEO plugin v27.5 - https:\/\/yoast.com\/product\/yoast-seo-wordpress\/ -->\n<title>Mentions l\u00e9gales | Stemat-Jansen<\/title>\n<meta name=\"description\" content=\"Ce site est la propri\u00e9t\u00e9 exclusive de STEMAT JANSEN. Toute reproduction, m\u00eame partielle, de ce site est strictement interdite sauf autorisation sp\u00e9ciale\" \/>\n<meta name=\"robots\" content=\"index, follow, max-snippet:-1, max-image-preview:large, max-video-preview:-1\" \/>\n<link rel=\"canonical\" href=\"https:\/\/www.stemat-jansen.fr\/?page_id=1173\" \/>\n<meta property=\"og:locale\" content=\"fr_FR\" \/>\n<meta property=\"og:type\" content=\"article\" \/>\n<meta property=\"og:title\" content=\"Mentions l\u00e9gales | Stemat-Jansen\" \/>\n<meta property=\"og:description\" content=\"Ce site est la propri\u00e9t\u00e9 exclusive de STEMAT JANSEN. Toute reproduction, m\u00eame partielle, de ce site est strictement interdite sauf autorisation sp\u00e9ciale\" \/>\n<meta property=\"og:url\" content=\"https:\/\/www.stemat-jansen.fr\/?page_id=1173\" \/>\n<meta property=\"og:site_name\" content=\"Stemat-Jansen | Robinetterie industrielle\" \/>\n<meta property=\"article:modified_time\" content=\"2023-02-20T11:45:20+00:00\" \/>\n<meta name=\"twitter:label1\" content=\"Dur\u00e9e de lecture estim\u00e9e\" \/>\n\t<meta name=\"twitter:data1\" content=\"2 minutes\" \/>\n<script type=\"application\/ld+json\" class=\"yoast-schema-graph\">{\"@context\":\"https:\\\/\\\/schema.org\",\"@graph\":[{\"@type\":\"WebPage\",\"@id\":\"https:\\\/\\\/www.stemat-jansen.fr\\\/?page_id=1173\",\"url\":\"https:\\\/\\\/www.stemat-jansen.fr\\\/?page_id=1173\",\"name\":\"Mentions l\u00e9gales | Stemat-Jansen\",\"isPartOf\":{\"@id\":\"https:\\\/\\\/www.stemat-jansen.fr\\\/#website\"},\"datePublished\":\"2013-11-04T17:49:33+00:00\",\"dateModified\":\"2023-02-20T11:45:20+00:00\",\"description\":\"Ce site est la propri\u00e9t\u00e9 exclusive de STEMAT JANSEN. Toute reproduction, m\u00eame partielle, de ce site est strictement interdite sauf autorisation sp\u00e9ciale\",\"inLanguage\":\"fr-FR\",\"potentialAction\":[{\"@type\":\"ReadAction\",\"target\":[\"https:\\\/\\\/www.stemat-jansen.fr\\\/?page_id=1173\"]}]},{\"@type\":\"WebSite\",\"@id\":\"https:\\\/\\\/www.stemat-jansen.fr\\\/#website\",\"url\":\"https:\\\/\\\/www.stemat-jansen.fr\\\/\",\"name\":\"Stemat-Jansen | Robinetterie industrielle\",\"description\":\"Distributeur de vannes, robinets, clapets et filtres pour les installations industrielles. Stemat-Jansen, sp\u00e9cialiste de la robinetterie industrielle pour tous domaines d\u2019application.\",\"potentialAction\":[{\"@type\":\"SearchAction\",\"target\":{\"@type\":\"EntryPoint\",\"urlTemplate\":\"https:\\\/\\\/www.stemat-jansen.fr\\\/?s={search_term_string}\"},\"query-input\":{\"@type\":\"PropertyValueSpecification\",\"valueRequired\":true,\"valueName\":\"search_term_string\"}}],\"inLanguage\":\"fr-FR\"}]}<\/script>\n<!-- \/ Yoast SEO plugin. -->","yoast_head_json":{"title":"Mentions l\u00e9gales | Stemat-Jansen","description":"Ce site est la propri\u00e9t\u00e9 exclusive de STEMAT JANSEN. Toute reproduction, m\u00eame partielle, de ce site est strictement interdite sauf autorisation sp\u00e9ciale","robots":{"index":"index","follow":"follow","max-snippet":"max-snippet:-1","max-image-preview":"max-image-preview:large","max-video-preview":"max-video-preview:-1"},"canonical":"https:\/\/www.stemat-jansen.fr\/?page_id=1173","og_locale":"fr_FR","og_type":"article","og_title":"Mentions l\u00e9gales | Stemat-Jansen","og_description":"Ce site est la propri\u00e9t\u00e9 exclusive de STEMAT JANSEN. Toute reproduction, m\u00eame partielle, de ce site est strictement interdite sauf autorisation sp\u00e9ciale","og_url":"https:\/\/www.stemat-jansen.fr\/?page_id=1173","og_site_name":"Stemat-Jansen | Robinetterie industrielle","article_modified_time":"2023-02-20T11:45:20+00:00","twitter_misc":{"Dur\u00e9e de lecture estim\u00e9e":"2 minutes"},"schema":{"@context":"https:\/\/schema.org","@graph":[{"@type":"WebPage","@id":"https:\/\/www.stemat-jansen.fr\/?page_id=1173","url":"https:\/\/www.stemat-jansen.fr\/?page_id=1173","name":"Mentions l\u00e9gales | Stemat-Jansen","isPartOf":{"@id":"https:\/\/www.stemat-jansen.fr\/#website"},"datePublished":"2013-11-04T17:49:33+00:00","dateModified":"2023-02-20T11:45:20+00:00","description":"Ce site est la propri\u00e9t\u00e9 exclusive de STEMAT JANSEN. Toute reproduction, m\u00eame partielle, de ce site est strictement interdite sauf autorisation sp\u00e9ciale","inLanguage":"fr-FR","potentialAction":[{"@type":"ReadAction","target":["https:\/\/www.stemat-jansen.fr\/?page_id=1173"]}]},{"@type":"WebSite","@id":"https:\/\/www.stemat-jansen.fr\/#website","url":"https:\/\/www.stemat-jansen.fr\/","name":"Stemat-Jansen | Robinetterie industrielle","description":"Distributeur de vannes, robinets, clapets et filtres pour les installations industrielles. Stemat-Jansen, sp\u00e9cialiste de la robinetterie industrielle pour tous domaines d\u2019application.","potentialAction":[{"@type":"SearchAction","target":{"@type":"EntryPoint","urlTemplate":"https:\/\/www.stemat-jansen.fr\/?s={search_term_string}"},"query-input":{"@type":"PropertyValueSpecification","valueRequired":true,"valueName":"search_term_string"}}],"inLanguage":"fr-FR"}]}},"_links":{"self":[{"href":"https:\/\/www.stemat-jansen.fr\/index.php?rest_route=\/wp\/v2\/pages\/1173","targetHints":{"allow":["GET"]}}],"collection":[{"href":"https:\/\/www.stemat-jansen.fr\/index.php?rest_route=\/wp\/v2\/pages"}],"about":[{"href":"https:\/\/www.stemat-jansen.fr\/index.php?rest_route=\/wp\/v2\/types\/page"}],"author":[{"embeddable":true,"href":"https:\/\/www.stemat-jansen.fr\/index.php?rest_route=\/wp\/v2\/users\/16"}],"replies":[{"embeddable":true,"href":"https:\/\/www.stemat-jansen.fr\/index.php?rest_route=%2Fwp%2Fv2%2Fcomments&post=1173"}],"version-history":[{"count":6,"href":"https:\/\/www.stemat-jansen.fr\/index.php?rest_route=\/wp\/v2\/pages\/1173\/revisions"}],"predecessor-version":[{"id":3053,"href":"https:\/\/www.stemat-jansen.fr\/index.php?rest_route=\/wp\/v2\/pages\/1173\/revisions\/3053"}],"wp:attachment":[{"href":"https:\/\/www.stemat-jansen.fr\/index.php?rest_route=%2Fwp%2Fv2%2Fmedia&parent=1173"}],"curies":[{"name":"wp","href":"https:\/\/api.w.org\/{rel}","templated":true}]}}