{"id":13,"date":"2013-03-19T15:09:59","date_gmt":"2013-03-19T15:09:59","guid":{"rendered":"https:\/\/www.stemat-jansen.fr\/?page_id=13"},"modified":"2026-02-03T10:13:11","modified_gmt":"2026-02-03T10:13:11","slug":"metiers-savoir-faire","status":"publish","type":"page","link":"https:\/\/www.stemat-jansen.fr\/?page_id=13","title":{"rendered":"M\u00e9tiers &#038; Savoir-faire"},"content":{"rendered":"<h3>Vannes, robinets, clapets et filtres pour installations industrielles<\/h3>\n<p>Partenaire incontournable de l\u2019industrie et de la production, STEMAT-JANSEN est le sp\u00e9cialiste europ\u00e9en de la <strong>robinetterie industrielle<\/strong> quels que soient les domaines d\u2019application et quel que soit le fluide v\u00e9hicul\u00e9 : l\u2019eau, la vapeur, les hydrocarbures, les fluides thermiques, les fluides agressifs et corrosifs ou les fluides gazeux.<\/p>\n<p><img loading=\"lazy\" decoding=\"async\" class=\"alignnone size-full wp-image-30\" src=\"https:\/\/www.stemat-jansen.fr\/wp-content\/uploads\/2013\/03\/Metiers1.jpg\" alt=\"\" width=\"301\" height=\"199\" srcset=\"https:\/\/www.stemat-jansen.fr\/wp-content\/uploads\/2013\/03\/Metiers1.jpg 301w, https:\/\/www.stemat-jansen.fr\/wp-content\/uploads\/2013\/03\/Metiers1-300x198.jpg 300w\" sizes=\"auto, (max-width: 301px) 100vw, 301px\" \/><\/p>\n<p>Implant\u00e9e \u00e0 Raismes, dans le Nord de la France, l\u2019entreprise de n\u00e9goce et de distribution dispose d\u2019un stock de 1000 m2 o\u00f9 sont entrepos\u00e9es en permanence plus de 80 r\u00e9f\u00e9rences d\u00e9clin\u00e9es en diff\u00e9rentes\u00a0fonte,\u00a0fonte sph\u00e9ro\u00efdale, acier ou\u00a0inox, du PN16 au PN100 et des Class 150 \u00e0 600 Lbs :<br \/>\n&#8211; Vannes \u00e0 passage direct<br \/>\n&#8211;\u00a0Vannes \u00e0 papillon<\/p>\n<p>&#8211;\u00a0Robinets \u00e0 boisseau sph\u00e9rique<br \/>\n&#8211; Robinets \u00e0 soupape<br \/>\n&#8211; Robinets \u00e0 soupape \u00e0 soufflet<\/p>\n<p>&#8211; Clapets de non-retour \u00e0 soupape<br \/>\n&#8211; Clapets de non-retour \u00e0 battant<br \/>\n&#8211; Clapets de non-retour \u00e0 boule<br \/>\n&#8211; Filtres \u00e0 tamis<\/p>\n<p><img loading=\"lazy\" decoding=\"async\" class=\"alignnone size-full wp-image-32\" src=\"https:\/\/www.stemat-jansen.fr\/wp-content\/uploads\/2013\/03\/M\u00e9tiers2.jpg\" alt=\"\" width=\"301\" height=\"194\" srcset=\"https:\/\/www.stemat-jansen.fr\/wp-content\/uploads\/2013\/03\/M\u00e9tiers2.jpg 301w, https:\/\/www.stemat-jansen.fr\/wp-content\/uploads\/2013\/03\/M\u00e9tiers2-300x193.jpg 300w\" sizes=\"auto, (max-width: 301px) 100vw, 301px\" \/><\/p>\n<h3>Une v\u00e9ritable r\u00e9activit\u00e9 partout en Europe<\/h3>\n<p>Son implantation au carrefour des principaux axes autoroutiers nord-europ\u00e9ens permet \u00e0 STEMAT-JANSEN de livrer ses produits de haute qualit\u00e9 \u00e0 des co\u00fbts tr\u00e8s comp\u00e9titifs, partout en France et en Europe, dans les d\u00e9lais les plus brefs, directement sur site.<\/p>\n<p><img loading=\"lazy\" decoding=\"async\" class=\"alignnone size-full wp-image-33\" src=\"https:\/\/www.stemat-jansen.fr\/wp-content\/uploads\/2013\/03\/Metiers3.jpg\" alt=\"\" width=\"301\" height=\"196\" srcset=\"https:\/\/www.stemat-jansen.fr\/wp-content\/uploads\/2013\/03\/Metiers3.jpg 301w, https:\/\/www.stemat-jansen.fr\/wp-content\/uploads\/2013\/03\/Metiers3-300x195.jpg 300w\" sizes=\"auto, (max-width: 301px) 100vw, 301px\" \/><\/p>\n","protected":false},"excerpt":{"rendered":"<p>Vannes, robinets, clapets et filtres pour installations industrielles Partenaire incontournable de l\u2019industrie et de la production, STEMAT-JANSEN est le sp\u00e9cialiste europ\u00e9en de la robinetterie industrielle quels que soient les domaines d\u2019application et quel que soit le fluide v\u00e9hicul\u00e9 : l\u2019eau, la vapeur, les hydrocarbures, les fluides thermiques, les fluides agressifs et corrosifs ou les fluides [&hellip;]<\/p>\n","protected":false},"author":16,"featured_media":0,"parent":0,"menu_order":0,"comment_status":"closed","ping_status":"closed","template":"","meta":{"_acf_changed":false,"inline_featured_image":false,"footnotes":""},"class_list":["post-13","page","type-page","status-publish","hentry"],"acf":[],"yoast_head":"<!-- This site is optimized with the Yoast SEO plugin v27.5 - https:\/\/yoast.com\/product\/yoast-seo-wordpress\/ -->\n<title>Nos m\u00e9tiers &amp; savoir-faire en robinetterie industrielle |\u00a0Stemat-Jansen<\/title>\n<meta name=\"description\" content=\"D\u00e9couvrez les m\u00e9tiers et les savoir-faire de Stemat-Jansen en robinetterie industrielle et robinetterie sur mesure : vannes, robinets, clapets, filtres...\" \/>\n<meta name=\"robots\" content=\"index, follow, max-snippet:-1, max-image-preview:large, max-video-preview:-1\" \/>\n<link rel=\"canonical\" href=\"https:\/\/www.stemat-jansen.fr\/?page_id=13\" \/>\n<meta property=\"og:locale\" content=\"fr_FR\" \/>\n<meta property=\"og:type\" content=\"article\" \/>\n<meta property=\"og:title\" content=\"Nos m\u00e9tiers &amp; savoir-faire en robinetterie industrielle |\u00a0Stemat-Jansen\" \/>\n<meta property=\"og:description\" content=\"D\u00e9couvrez les m\u00e9tiers et les savoir-faire de Stemat-Jansen en robinetterie industrielle et robinetterie sur mesure : vannes, robinets, clapets, filtres...\" \/>\n<meta property=\"og:url\" content=\"https:\/\/www.stemat-jansen.fr\/?page_id=13\" \/>\n<meta property=\"og:site_name\" content=\"Stemat-Jansen | Robinetterie industrielle\" \/>\n<meta property=\"article:modified_time\" content=\"2026-02-03T10:13:11+00:00\" \/>\n<meta property=\"og:image\" content=\"https:\/\/www.stemat-jansen.fr\/wp-content\/uploads\/2013\/03\/Metiers1.jpg\" \/>\n<meta name=\"twitter:label1\" content=\"Dur\u00e9e de lecture estim\u00e9e\" \/>\n\t<meta name=\"twitter:data1\" content=\"2 minutes\" \/>\n<script type=\"application\/ld+json\" class=\"yoast-schema-graph\">{\"@context\":\"https:\\\/\\\/schema.org\",\"@graph\":[{\"@type\":\"WebPage\",\"@id\":\"https:\\\/\\\/www.stemat-jansen.fr\\\/?page_id=13\",\"url\":\"https:\\\/\\\/www.stemat-jansen.fr\\\/?page_id=13\",\"name\":\"Nos m\u00e9tiers & savoir-faire en robinetterie industrielle |\u00a0Stemat-Jansen\",\"isPartOf\":{\"@id\":\"https:\\\/\\\/www.stemat-jansen.fr\\\/#website\"},\"primaryImageOfPage\":{\"@id\":\"https:\\\/\\\/www.stemat-jansen.fr\\\/?page_id=13#primaryimage\"},\"image\":{\"@id\":\"https:\\\/\\\/www.stemat-jansen.fr\\\/?page_id=13#primaryimage\"},\"thumbnailUrl\":\"https:\\\/\\\/www.stemat-jansen.fr\\\/wp-content\\\/uploads\\\/2013\\\/03\\\/Metiers1.jpg\",\"datePublished\":\"2013-03-19T15:09:59+00:00\",\"dateModified\":\"2026-02-03T10:13:11+00:00\",\"description\":\"D\u00e9couvrez les m\u00e9tiers et les savoir-faire de Stemat-Jansen en robinetterie industrielle et robinetterie sur mesure : vannes, robinets, clapets, filtres...\",\"inLanguage\":\"fr-FR\",\"potentialAction\":[{\"@type\":\"ReadAction\",\"target\":[\"https:\\\/\\\/www.stemat-jansen.fr\\\/?page_id=13\"]}]},{\"@type\":\"ImageObject\",\"inLanguage\":\"fr-FR\",\"@id\":\"https:\\\/\\\/www.stemat-jansen.fr\\\/?page_id=13#primaryimage\",\"url\":\"https:\\\/\\\/www.stemat-jansen.fr\\\/wp-content\\\/uploads\\\/2013\\\/03\\\/Metiers1.jpg\",\"contentUrl\":\"https:\\\/\\\/www.stemat-jansen.fr\\\/wp-content\\\/uploads\\\/2013\\\/03\\\/Metiers1.jpg\",\"width\":301,\"height\":199},{\"@type\":\"WebSite\",\"@id\":\"https:\\\/\\\/www.stemat-jansen.fr\\\/#website\",\"url\":\"https:\\\/\\\/www.stemat-jansen.fr\\\/\",\"name\":\"Stemat-Jansen | Robinetterie industrielle\",\"description\":\"Distributeur de vannes, robinets, clapets et filtres pour les installations industrielles. Stemat-Jansen, sp\u00e9cialiste de la robinetterie industrielle pour tous domaines d\u2019application.\",\"potentialAction\":[{\"@type\":\"SearchAction\",\"target\":{\"@type\":\"EntryPoint\",\"urlTemplate\":\"https:\\\/\\\/www.stemat-jansen.fr\\\/?s={search_term_string}\"},\"query-input\":{\"@type\":\"PropertyValueSpecification\",\"valueRequired\":true,\"valueName\":\"search_term_string\"}}],\"inLanguage\":\"fr-FR\"}]}<\/script>\n<!-- \/ Yoast SEO plugin. -->","yoast_head_json":{"title":"Nos m\u00e9tiers & savoir-faire en robinetterie industrielle |\u00a0Stemat-Jansen","description":"D\u00e9couvrez les m\u00e9tiers et les savoir-faire de Stemat-Jansen en robinetterie industrielle et robinetterie sur mesure : vannes, robinets, clapets, filtres...","robots":{"index":"index","follow":"follow","max-snippet":"max-snippet:-1","max-image-preview":"max-image-preview:large","max-video-preview":"max-video-preview:-1"},"canonical":"https:\/\/www.stemat-jansen.fr\/?page_id=13","og_locale":"fr_FR","og_type":"article","og_title":"Nos m\u00e9tiers & savoir-faire en robinetterie industrielle |\u00a0Stemat-Jansen","og_description":"D\u00e9couvrez les m\u00e9tiers et les savoir-faire de Stemat-Jansen en robinetterie industrielle et robinetterie sur mesure : vannes, robinets, clapets, filtres...","og_url":"https:\/\/www.stemat-jansen.fr\/?page_id=13","og_site_name":"Stemat-Jansen | Robinetterie industrielle","article_modified_time":"2026-02-03T10:13:11+00:00","og_image":[{"url":"https:\/\/www.stemat-jansen.fr\/wp-content\/uploads\/2013\/03\/Metiers1.jpg","type":"","width":"","height":""}],"twitter_misc":{"Dur\u00e9e de lecture estim\u00e9e":"2 minutes"},"schema":{"@context":"https:\/\/schema.org","@graph":[{"@type":"WebPage","@id":"https:\/\/www.stemat-jansen.fr\/?page_id=13","url":"https:\/\/www.stemat-jansen.fr\/?page_id=13","name":"Nos m\u00e9tiers & savoir-faire en robinetterie industrielle |\u00a0Stemat-Jansen","isPartOf":{"@id":"https:\/\/www.stemat-jansen.fr\/#website"},"primaryImageOfPage":{"@id":"https:\/\/www.stemat-jansen.fr\/?page_id=13#primaryimage"},"image":{"@id":"https:\/\/www.stemat-jansen.fr\/?page_id=13#primaryimage"},"thumbnailUrl":"https:\/\/www.stemat-jansen.fr\/wp-content\/uploads\/2013\/03\/Metiers1.jpg","datePublished":"2013-03-19T15:09:59+00:00","dateModified":"2026-02-03T10:13:11+00:00","description":"D\u00e9couvrez les m\u00e9tiers et les savoir-faire de Stemat-Jansen en robinetterie industrielle et robinetterie sur mesure : vannes, robinets, clapets, filtres...","inLanguage":"fr-FR","potentialAction":[{"@type":"ReadAction","target":["https:\/\/www.stemat-jansen.fr\/?page_id=13"]}]},{"@type":"ImageObject","inLanguage":"fr-FR","@id":"https:\/\/www.stemat-jansen.fr\/?page_id=13#primaryimage","url":"https:\/\/www.stemat-jansen.fr\/wp-content\/uploads\/2013\/03\/Metiers1.jpg","contentUrl":"https:\/\/www.stemat-jansen.fr\/wp-content\/uploads\/2013\/03\/Metiers1.jpg","width":301,"height":199},{"@type":"WebSite","@id":"https:\/\/www.stemat-jansen.fr\/#website","url":"https:\/\/www.stemat-jansen.fr\/","name":"Stemat-Jansen | Robinetterie industrielle","description":"Distributeur de vannes, robinets, clapets et filtres pour les installations industrielles. Stemat-Jansen, sp\u00e9cialiste de la robinetterie industrielle pour tous domaines d\u2019application.","potentialAction":[{"@type":"SearchAction","target":{"@type":"EntryPoint","urlTemplate":"https:\/\/www.stemat-jansen.fr\/?s={search_term_string}"},"query-input":{"@type":"PropertyValueSpecification","valueRequired":true,"valueName":"search_term_string"}}],"inLanguage":"fr-FR"}]}},"_links":{"self":[{"href":"https:\/\/www.stemat-jansen.fr\/index.php?rest_route=\/wp\/v2\/pages\/13","targetHints":{"allow":["GET"]}}],"collection":[{"href":"https:\/\/www.stemat-jansen.fr\/index.php?rest_route=\/wp\/v2\/pages"}],"about":[{"href":"https:\/\/www.stemat-jansen.fr\/index.php?rest_route=\/wp\/v2\/types\/page"}],"author":[{"embeddable":true,"href":"https:\/\/www.stemat-jansen.fr\/index.php?rest_route=\/wp\/v2\/users\/16"}],"replies":[{"embeddable":true,"href":"https:\/\/www.stemat-jansen.fr\/index.php?rest_route=%2Fwp%2Fv2%2Fcomments&post=13"}],"version-history":[{"count":30,"href":"https:\/\/www.stemat-jansen.fr\/index.php?rest_route=\/wp\/v2\/pages\/13\/revisions"}],"predecessor-version":[{"id":3124,"href":"https:\/\/www.stemat-jansen.fr\/index.php?rest_route=\/wp\/v2\/pages\/13\/revisions\/3124"}],"wp:attachment":[{"href":"https:\/\/www.stemat-jansen.fr\/index.php?rest_route=%2Fwp%2Fv2%2Fmedia&parent=13"}],"curies":[{"name":"wp","href":"https:\/\/api.w.org\/{rel}","templated":true}]}}