{"id":16,"date":"2013-03-19T15:12:30","date_gmt":"2013-03-19T15:12:30","guid":{"rendered":"https:\/\/www.stemat-jansen.fr\/?page_id=16"},"modified":"2026-02-03T10:13:52","modified_gmt":"2026-02-03T10:13:52","slug":"une-marque-forte","status":"publish","type":"page","link":"https:\/\/www.stemat-jansen.fr\/?page_id=16","title":{"rendered":"Une marque forte"},"content":{"rendered":"<h2>Pr\u00e9cision, qualit\u00e9 de fabrication, fiabilit\u00e9, adaptabilit\u00e9&#8230;<\/h2>\n<h3>STEMAT-JANSEN fera toujours la diff\u00e9rence<\/h3>\n<p>La maitrise des mat\u00e9riaux(fonte, fonte sph\u00e9ro\u00efdale, acier et inox) combin\u00e9e \u00e0 la pr\u00e9cision des assemblages et \u00e0 une grande connaissance des besoins et contraintes des clients, ont fait des vannes, robinets, clapets et filtres \u00e0 tamis STEMAT-JANSEN des produis recherch\u00e9s pour leur fiabilit\u00e9 et leur qualit\u00e9 de fabrication, quels que soient leur domaine d&rsquo;application :\u00a0 chimie, p\u00e9trole, papeterie, thermie, incendie, traitement de l&rsquo;eau&#8230;<\/p>\n<p>STEMAT-JANSEN offre \u00e9galement la possibilit\u00e9 d&rsquo;adapter ses produits sur mesure, en fonction de contraintes sp\u00e9cifiques comme la maitrise de la corrosivit\u00e9 de certains fluides, ou la n\u00e9cessit\u00e9 d&rsquo;actionner par moteur \u00e9lectrique ou pneumatique les ouvertures et fermetures des vannes et robinets.<\/p>\n<p>&nbsp;<\/p>\n<p><img decoding=\"async\" style=\"padding: 0; border: 0; box-shadow: 0;\" src=\"https:\/\/www.stemat-jansen.fr\/wp-content\/uploads\/2013\/04\/une-marque-forte.jpg\" alt=\"stemat jansen, sp\u00e9cialiste robinetterie industrielle\" \/><\/p>\n","protected":false},"excerpt":{"rendered":"<p>Pr\u00e9cision, qualit\u00e9 de fabrication, fiabilit\u00e9, adaptabilit\u00e9&#8230; STEMAT-JANSEN fera toujours la diff\u00e9rence La maitrise des mat\u00e9riaux(fonte, fonte sph\u00e9ro\u00efdale, acier et inox) combin\u00e9e \u00e0 la pr\u00e9cision des assemblages et \u00e0 une grande connaissance des besoins et contraintes des clients, ont fait des vannes, robinets, clapets et filtres \u00e0 tamis STEMAT-JANSEN des produis recherch\u00e9s pour leur fiabilit\u00e9 et [&hellip;]<\/p>\n","protected":false},"author":16,"featured_media":0,"parent":0,"menu_order":0,"comment_status":"closed","ping_status":"closed","template":"","meta":{"_acf_changed":false,"inline_featured_image":false,"footnotes":""},"class_list":["post-16","page","type-page","status-publish","hentry"],"acf":[],"yoast_head":"<!-- This site is optimized with the Yoast SEO plugin v27.4 - https:\/\/yoast.com\/product\/yoast-seo-wordpress\/ -->\n<title>L&#039;expertise Stemat-Jansen en robinetterie industrielle |\u00a0Stemat-Jansen<\/title>\n<meta name=\"description\" content=\"D\u00e9couvrez l&#039;expertise de Stemat-Jansen : pr\u00e9cision, ma\u00eetrise des mat\u00e9riaux, qualit\u00e9 de fabrication, fiabilit\u00e9, adaptabilit\u00e9... Nous ferons toujours la diff\u00e9rence !\" \/>\n<meta name=\"robots\" content=\"index, follow, max-snippet:-1, max-image-preview:large, max-video-preview:-1\" \/>\n<link rel=\"canonical\" href=\"https:\/\/www.stemat-jansen.fr\/?page_id=16\" \/>\n<meta property=\"og:locale\" content=\"fr_FR\" \/>\n<meta property=\"og:type\" content=\"article\" \/>\n<meta property=\"og:title\" content=\"L&#039;expertise Stemat-Jansen en robinetterie industrielle |\u00a0Stemat-Jansen\" \/>\n<meta property=\"og:description\" content=\"D\u00e9couvrez l&#039;expertise de Stemat-Jansen : pr\u00e9cision, ma\u00eetrise des mat\u00e9riaux, qualit\u00e9 de fabrication, fiabilit\u00e9, adaptabilit\u00e9... Nous ferons toujours la diff\u00e9rence !\" \/>\n<meta property=\"og:url\" content=\"https:\/\/www.stemat-jansen.fr\/?page_id=16\" \/>\n<meta property=\"og:site_name\" content=\"Stemat-Jansen | Robinetterie industrielle\" \/>\n<meta property=\"article:modified_time\" content=\"2026-02-03T10:13:52+00:00\" \/>\n<meta property=\"og:image\" content=\"https:\/\/www.stemat-jansen.fr\/wp-content\/uploads\/2013\/04\/une-marque-forte.jpg\" \/>\n<meta name=\"twitter:label1\" content=\"Dur\u00e9e de lecture estim\u00e9e\" \/>\n\t<meta name=\"twitter:data1\" content=\"1 minute\" \/>\n<script type=\"application\/ld+json\" class=\"yoast-schema-graph\">{\"@context\":\"https:\\\/\\\/schema.org\",\"@graph\":[{\"@type\":\"WebPage\",\"@id\":\"https:\\\/\\\/www.stemat-jansen.fr\\\/?page_id=16\",\"url\":\"https:\\\/\\\/www.stemat-jansen.fr\\\/?page_id=16\",\"name\":\"L'expertise Stemat-Jansen en robinetterie industrielle |\u00a0Stemat-Jansen\",\"isPartOf\":{\"@id\":\"https:\\\/\\\/www.stemat-jansen.fr\\\/#website\"},\"primaryImageOfPage\":{\"@id\":\"https:\\\/\\\/www.stemat-jansen.fr\\\/?page_id=16#primaryimage\"},\"image\":{\"@id\":\"https:\\\/\\\/www.stemat-jansen.fr\\\/?page_id=16#primaryimage\"},\"thumbnailUrl\":\"https:\\\/\\\/www.stemat-jansen.fr\\\/wp-content\\\/uploads\\\/2013\\\/04\\\/une-marque-forte.jpg\",\"datePublished\":\"2013-03-19T15:12:30+00:00\",\"dateModified\":\"2026-02-03T10:13:52+00:00\",\"description\":\"D\u00e9couvrez l'expertise de Stemat-Jansen : pr\u00e9cision, ma\u00eetrise des mat\u00e9riaux, qualit\u00e9 de fabrication, fiabilit\u00e9, adaptabilit\u00e9... Nous ferons toujours la diff\u00e9rence !\",\"inLanguage\":\"fr-FR\",\"potentialAction\":[{\"@type\":\"ReadAction\",\"target\":[\"https:\\\/\\\/www.stemat-jansen.fr\\\/?page_id=16\"]}]},{\"@type\":\"ImageObject\",\"inLanguage\":\"fr-FR\",\"@id\":\"https:\\\/\\\/www.stemat-jansen.fr\\\/?page_id=16#primaryimage\",\"url\":\"https:\\\/\\\/www.stemat-jansen.fr\\\/wp-content\\\/uploads\\\/2013\\\/04\\\/une-marque-forte.jpg\",\"contentUrl\":\"https:\\\/\\\/www.stemat-jansen.fr\\\/wp-content\\\/uploads\\\/2013\\\/04\\\/une-marque-forte.jpg\",\"width\":867,\"height\":559},{\"@type\":\"WebSite\",\"@id\":\"https:\\\/\\\/www.stemat-jansen.fr\\\/#website\",\"url\":\"https:\\\/\\\/www.stemat-jansen.fr\\\/\",\"name\":\"Stemat-Jansen | Robinetterie industrielle\",\"description\":\"Distributeur de vannes, robinets, clapets et filtres pour les installations industrielles. Stemat-Jansen, sp\u00e9cialiste de la robinetterie industrielle pour tous domaines d\u2019application.\",\"potentialAction\":[{\"@type\":\"SearchAction\",\"target\":{\"@type\":\"EntryPoint\",\"urlTemplate\":\"https:\\\/\\\/www.stemat-jansen.fr\\\/?s={search_term_string}\"},\"query-input\":{\"@type\":\"PropertyValueSpecification\",\"valueRequired\":true,\"valueName\":\"search_term_string\"}}],\"inLanguage\":\"fr-FR\"}]}<\/script>\n<!-- \/ Yoast SEO plugin. -->","yoast_head_json":{"title":"L'expertise Stemat-Jansen en robinetterie industrielle |\u00a0Stemat-Jansen","description":"D\u00e9couvrez l'expertise de Stemat-Jansen : pr\u00e9cision, ma\u00eetrise des mat\u00e9riaux, qualit\u00e9 de fabrication, fiabilit\u00e9, adaptabilit\u00e9... Nous ferons toujours la diff\u00e9rence !","robots":{"index":"index","follow":"follow","max-snippet":"max-snippet:-1","max-image-preview":"max-image-preview:large","max-video-preview":"max-video-preview:-1"},"canonical":"https:\/\/www.stemat-jansen.fr\/?page_id=16","og_locale":"fr_FR","og_type":"article","og_title":"L'expertise Stemat-Jansen en robinetterie industrielle |\u00a0Stemat-Jansen","og_description":"D\u00e9couvrez l'expertise de Stemat-Jansen : pr\u00e9cision, ma\u00eetrise des mat\u00e9riaux, qualit\u00e9 de fabrication, fiabilit\u00e9, adaptabilit\u00e9... Nous ferons toujours la diff\u00e9rence !","og_url":"https:\/\/www.stemat-jansen.fr\/?page_id=16","og_site_name":"Stemat-Jansen | Robinetterie industrielle","article_modified_time":"2026-02-03T10:13:52+00:00","og_image":[{"url":"https:\/\/www.stemat-jansen.fr\/wp-content\/uploads\/2013\/04\/une-marque-forte.jpg","type":"","width":"","height":""}],"twitter_misc":{"Dur\u00e9e de lecture estim\u00e9e":"1 minute"},"schema":{"@context":"https:\/\/schema.org","@graph":[{"@type":"WebPage","@id":"https:\/\/www.stemat-jansen.fr\/?page_id=16","url":"https:\/\/www.stemat-jansen.fr\/?page_id=16","name":"L'expertise Stemat-Jansen en robinetterie industrielle |\u00a0Stemat-Jansen","isPartOf":{"@id":"https:\/\/www.stemat-jansen.fr\/#website"},"primaryImageOfPage":{"@id":"https:\/\/www.stemat-jansen.fr\/?page_id=16#primaryimage"},"image":{"@id":"https:\/\/www.stemat-jansen.fr\/?page_id=16#primaryimage"},"thumbnailUrl":"https:\/\/www.stemat-jansen.fr\/wp-content\/uploads\/2013\/04\/une-marque-forte.jpg","datePublished":"2013-03-19T15:12:30+00:00","dateModified":"2026-02-03T10:13:52+00:00","description":"D\u00e9couvrez l'expertise de Stemat-Jansen : pr\u00e9cision, ma\u00eetrise des mat\u00e9riaux, qualit\u00e9 de fabrication, fiabilit\u00e9, adaptabilit\u00e9... Nous ferons toujours la diff\u00e9rence !","inLanguage":"fr-FR","potentialAction":[{"@type":"ReadAction","target":["https:\/\/www.stemat-jansen.fr\/?page_id=16"]}]},{"@type":"ImageObject","inLanguage":"fr-FR","@id":"https:\/\/www.stemat-jansen.fr\/?page_id=16#primaryimage","url":"https:\/\/www.stemat-jansen.fr\/wp-content\/uploads\/2013\/04\/une-marque-forte.jpg","contentUrl":"https:\/\/www.stemat-jansen.fr\/wp-content\/uploads\/2013\/04\/une-marque-forte.jpg","width":867,"height":559},{"@type":"WebSite","@id":"https:\/\/www.stemat-jansen.fr\/#website","url":"https:\/\/www.stemat-jansen.fr\/","name":"Stemat-Jansen | Robinetterie industrielle","description":"Distributeur de vannes, robinets, clapets et filtres pour les installations industrielles. Stemat-Jansen, sp\u00e9cialiste de la robinetterie industrielle pour tous domaines d\u2019application.","potentialAction":[{"@type":"SearchAction","target":{"@type":"EntryPoint","urlTemplate":"https:\/\/www.stemat-jansen.fr\/?s={search_term_string}"},"query-input":{"@type":"PropertyValueSpecification","valueRequired":true,"valueName":"search_term_string"}}],"inLanguage":"fr-FR"}]}},"_links":{"self":[{"href":"https:\/\/www.stemat-jansen.fr\/index.php?rest_route=\/wp\/v2\/pages\/16","targetHints":{"allow":["GET"]}}],"collection":[{"href":"https:\/\/www.stemat-jansen.fr\/index.php?rest_route=\/wp\/v2\/pages"}],"about":[{"href":"https:\/\/www.stemat-jansen.fr\/index.php?rest_route=\/wp\/v2\/types\/page"}],"author":[{"embeddable":true,"href":"https:\/\/www.stemat-jansen.fr\/index.php?rest_route=\/wp\/v2\/users\/16"}],"replies":[{"embeddable":true,"href":"https:\/\/www.stemat-jansen.fr\/index.php?rest_route=%2Fwp%2Fv2%2Fcomments&post=16"}],"version-history":[{"count":13,"href":"https:\/\/www.stemat-jansen.fr\/index.php?rest_route=\/wp\/v2\/pages\/16\/revisions"}],"predecessor-version":[{"id":1629,"href":"https:\/\/www.stemat-jansen.fr\/index.php?rest_route=\/wp\/v2\/pages\/16\/revisions\/1629"}],"wp:attachment":[{"href":"https:\/\/www.stemat-jansen.fr\/index.php?rest_route=%2Fwp%2Fv2%2Fmedia&parent=16"}],"curies":[{"name":"wp","href":"https:\/\/api.w.org\/{rel}","templated":true}]}}