{"id":18,"date":"2013-03-19T15:14:16","date_gmt":"2013-03-19T15:14:16","guid":{"rendered":"https:\/\/www.stemat-jansen.fr\/?page_id=18"},"modified":"2013-04-29T13:09:51","modified_gmt":"2013-04-29T13:09:51","slug":"une-reputation-des-references","status":"publish","type":"page","link":"https:\/\/www.stemat-jansen.fr\/?page_id=18","title":{"rendered":"Une r\u00e9putation, des r\u00e9f\u00e9rences"},"content":{"rendered":"<table>\n<tbody>\n<tr>\n<td width=\"40%\"><a href=\"https:\/\/www.stemat-jansen.fr\/wp-content\/uploads\/2013\/03\/R\u00e9putation-image.jpg\"><img loading=\"lazy\" decoding=\"async\" class=\"alignnone size-medium wp-image-28\" alt=\"R\u00e9putation-image\" src=\"https:\/\/www.stemat-jansen.fr\/wp-content\/uploads\/2013\/03\/R\u00e9putation-image-300x192.jpg\" width=\"300\" height=\"192\" srcset=\"https:\/\/www.stemat-jansen.fr\/wp-content\/uploads\/2013\/03\/R\u00e9putation-image-300x192.jpg 300w, https:\/\/www.stemat-jansen.fr\/wp-content\/uploads\/2013\/03\/R\u00e9putation-image.jpg 301w\" sizes=\"auto, (max-width: 300px) 100vw, 300px\" \/><\/a><\/td>\n<td>\n<h3>Les plus exigeants recommandent STEMAT-JANSEN<\/h3>\n<p>Vannes \u00e0 passage direct, vannes papillon, vannes \u00e0 boisseau sph\u00e9rique, robinets \u00e0 soupape, robinets \u00e0 soupape \u00e0 soufflet, clapets de non-retour \u00e0 battant, clapets de non-retour \u00e0 boule, filtres \u00e0 tamis\u2026 les produits de robinetterie industrielle STEMAT JANSEN se retrouvent dans les installations les plus remarquables :<br \/>\n&#8211; Unit\u00e9 de d\u00e9salinisation d\u2019eau de mer et station d\u2019\u00e9puration aux \u00eeles Palmier de Duba\u00ef (Emirats Arabes Unis)<br \/>\n&#8211; Production vapeur, assainissement, pompage, unit\u00e9 de d\u00e9salinisation et diverses applications \u00e0 bord du paquebot transatlantique Queen Mary 2.<br \/>\n&#8211; Station d\u2019\u00e9puration et installation d\u2019irrigation dans l\u2019\u00e9mirat du Qatar<br \/>\n&#8211; Chaudi\u00e8res industrielles en France (Babcock Wanson),<br \/>\n&#8211; Cog\u00e9n\u00e9ration, production vapeur Babcock Wanson,<br \/>\n&#8211; Usine d\u2019incin\u00e9ration des ordures m\u00e9nag\u00e8res d\u2019Ivry sur Seine<br \/>\n&#8211; Production de vapeur par le Chauffage Urbain de Paris( C.P.C.U)<br \/>\n&#8211; Vanne d\u2019arr\u00eat pour les barrages hydrauliques (Serre-Pon\u00e7on,\u2026)<br \/>\n&#8211; Conduites forc\u00e9es.<\/td>\n<\/tr>\n<\/tbody>\n<\/table>\n","protected":false},"excerpt":{"rendered":"<p>Les plus exigeants recommandent STEMAT-JANSEN Vannes \u00e0 passage direct, vannes papillon, vannes \u00e0 boisseau sph\u00e9rique, robinets \u00e0 soupape, robinets \u00e0 soupape \u00e0 soufflet, clapets de non-retour \u00e0 battant, clapets de non-retour \u00e0 boule, filtres \u00e0 tamis\u2026 les produits de robinetterie industrielle STEMAT JANSEN se retrouvent dans les installations les plus remarquables : &#8211; Unit\u00e9 de [&hellip;]<\/p>\n","protected":false},"author":16,"featured_media":0,"parent":0,"menu_order":0,"comment_status":"closed","ping_status":"closed","template":"","meta":{"_acf_changed":false,"inline_featured_image":false,"footnotes":""},"class_list":["post-18","page","type-page","status-publish","hentry"],"acf":[],"yoast_head":"<!-- This site is optimized with the Yoast SEO plugin v27.6 - https:\/\/yoast.com\/product\/yoast-seo-wordpress\/ -->\n<title>Une r\u00e9putation, des r\u00e9f\u00e9rences | Stemat-Jansen<\/title>\n<meta name=\"description\" content=\"Les plus exigeants recommandent STEMAT-JANSEN Vannes \u00e0 passage direct, vannes papillon, vannes \u00e0 boisseau sph\u00e9rique, robinets \u00e0 soupape, robinets \u00e0\" \/>\n<meta name=\"robots\" content=\"index, follow, max-snippet:-1, max-image-preview:large, max-video-preview:-1\" \/>\n<link rel=\"canonical\" href=\"https:\/\/www.stemat-jansen.fr\/?page_id=18\" \/>\n<meta property=\"og:locale\" content=\"fr_FR\" \/>\n<meta property=\"og:type\" content=\"article\" \/>\n<meta property=\"og:title\" content=\"Une r\u00e9putation, des r\u00e9f\u00e9rences | Stemat-Jansen\" \/>\n<meta property=\"og:description\" content=\"Les plus exigeants recommandent STEMAT-JANSEN Vannes \u00e0 passage direct, vannes papillon, vannes \u00e0 boisseau sph\u00e9rique, robinets \u00e0 soupape, robinets \u00e0\" \/>\n<meta property=\"og:url\" content=\"https:\/\/www.stemat-jansen.fr\/?page_id=18\" \/>\n<meta property=\"og:site_name\" content=\"Stemat-Jansen | Robinetterie industrielle\" \/>\n<meta property=\"article:modified_time\" content=\"2013-04-29T13:09:51+00:00\" \/>\n<meta name=\"twitter:label1\" content=\"Dur\u00e9e de lecture estim\u00e9e\" \/>\n\t<meta name=\"twitter:data1\" content=\"1 minute\" \/>\n<script type=\"application\/ld+json\" class=\"yoast-schema-graph\">{\"@context\":\"https:\\\/\\\/schema.org\",\"@graph\":[{\"@type\":\"WebPage\",\"@id\":\"https:\\\/\\\/www.stemat-jansen.fr\\\/?page_id=18\",\"url\":\"https:\\\/\\\/www.stemat-jansen.fr\\\/?page_id=18\",\"name\":\"Une r\u00e9putation, des r\u00e9f\u00e9rences | Stemat-Jansen\",\"isPartOf\":{\"@id\":\"https:\\\/\\\/www.stemat-jansen.fr\\\/#website\"},\"datePublished\":\"2013-03-19T15:14:16+00:00\",\"dateModified\":\"2013-04-29T13:09:51+00:00\",\"description\":\"Les plus exigeants recommandent STEMAT-JANSEN Vannes \u00e0 passage direct, vannes papillon, vannes \u00e0 boisseau sph\u00e9rique, robinets \u00e0 soupape, robinets \u00e0\",\"inLanguage\":\"fr-FR\",\"potentialAction\":[{\"@type\":\"ReadAction\",\"target\":[\"https:\\\/\\\/www.stemat-jansen.fr\\\/?page_id=18\"]}]},{\"@type\":\"WebSite\",\"@id\":\"https:\\\/\\\/www.stemat-jansen.fr\\\/#website\",\"url\":\"https:\\\/\\\/www.stemat-jansen.fr\\\/\",\"name\":\"Stemat-Jansen | Robinetterie industrielle\",\"description\":\"Distributeur de vannes, robinets, clapets et filtres pour les installations industrielles. Stemat-Jansen, sp\u00e9cialiste de la robinetterie industrielle pour tous domaines d\u2019application.\",\"potentialAction\":[{\"@type\":\"SearchAction\",\"target\":{\"@type\":\"EntryPoint\",\"urlTemplate\":\"https:\\\/\\\/www.stemat-jansen.fr\\\/?s={search_term_string}\"},\"query-input\":{\"@type\":\"PropertyValueSpecification\",\"valueRequired\":true,\"valueName\":\"search_term_string\"}}],\"inLanguage\":\"fr-FR\"}]}<\/script>\n<!-- \/ Yoast SEO plugin. -->","yoast_head_json":{"title":"Une r\u00e9putation, des r\u00e9f\u00e9rences | Stemat-Jansen","description":"Les plus exigeants recommandent STEMAT-JANSEN Vannes \u00e0 passage direct, vannes papillon, vannes \u00e0 boisseau sph\u00e9rique, robinets \u00e0 soupape, robinets \u00e0","robots":{"index":"index","follow":"follow","max-snippet":"max-snippet:-1","max-image-preview":"max-image-preview:large","max-video-preview":"max-video-preview:-1"},"canonical":"https:\/\/www.stemat-jansen.fr\/?page_id=18","og_locale":"fr_FR","og_type":"article","og_title":"Une r\u00e9putation, des r\u00e9f\u00e9rences | Stemat-Jansen","og_description":"Les plus exigeants recommandent STEMAT-JANSEN Vannes \u00e0 passage direct, vannes papillon, vannes \u00e0 boisseau sph\u00e9rique, robinets \u00e0 soupape, robinets \u00e0","og_url":"https:\/\/www.stemat-jansen.fr\/?page_id=18","og_site_name":"Stemat-Jansen | Robinetterie industrielle","article_modified_time":"2013-04-29T13:09:51+00:00","twitter_misc":{"Dur\u00e9e de lecture estim\u00e9e":"1 minute"},"schema":{"@context":"https:\/\/schema.org","@graph":[{"@type":"WebPage","@id":"https:\/\/www.stemat-jansen.fr\/?page_id=18","url":"https:\/\/www.stemat-jansen.fr\/?page_id=18","name":"Une r\u00e9putation, des r\u00e9f\u00e9rences | Stemat-Jansen","isPartOf":{"@id":"https:\/\/www.stemat-jansen.fr\/#website"},"datePublished":"2013-03-19T15:14:16+00:00","dateModified":"2013-04-29T13:09:51+00:00","description":"Les plus exigeants recommandent STEMAT-JANSEN Vannes \u00e0 passage direct, vannes papillon, vannes \u00e0 boisseau sph\u00e9rique, robinets \u00e0 soupape, robinets \u00e0","inLanguage":"fr-FR","potentialAction":[{"@type":"ReadAction","target":["https:\/\/www.stemat-jansen.fr\/?page_id=18"]}]},{"@type":"WebSite","@id":"https:\/\/www.stemat-jansen.fr\/#website","url":"https:\/\/www.stemat-jansen.fr\/","name":"Stemat-Jansen | Robinetterie industrielle","description":"Distributeur de vannes, robinets, clapets et filtres pour les installations industrielles. Stemat-Jansen, sp\u00e9cialiste de la robinetterie industrielle pour tous domaines d\u2019application.","potentialAction":[{"@type":"SearchAction","target":{"@type":"EntryPoint","urlTemplate":"https:\/\/www.stemat-jansen.fr\/?s={search_term_string}"},"query-input":{"@type":"PropertyValueSpecification","valueRequired":true,"valueName":"search_term_string"}}],"inLanguage":"fr-FR"}]}},"_links":{"self":[{"href":"https:\/\/www.stemat-jansen.fr\/index.php?rest_route=\/wp\/v2\/pages\/18","targetHints":{"allow":["GET"]}}],"collection":[{"href":"https:\/\/www.stemat-jansen.fr\/index.php?rest_route=\/wp\/v2\/pages"}],"about":[{"href":"https:\/\/www.stemat-jansen.fr\/index.php?rest_route=\/wp\/v2\/types\/page"}],"author":[{"embeddable":true,"href":"https:\/\/www.stemat-jansen.fr\/index.php?rest_route=\/wp\/v2\/users\/16"}],"replies":[{"embeddable":true,"href":"https:\/\/www.stemat-jansen.fr\/index.php?rest_route=%2Fwp%2Fv2%2Fcomments&post=18"}],"version-history":[{"count":7,"href":"https:\/\/www.stemat-jansen.fr\/index.php?rest_route=\/wp\/v2\/pages\/18\/revisions"}],"predecessor-version":[{"id":482,"href":"https:\/\/www.stemat-jansen.fr\/index.php?rest_route=\/wp\/v2\/pages\/18\/revisions\/482"}],"wp:attachment":[{"href":"https:\/\/www.stemat-jansen.fr\/index.php?rest_route=%2Fwp%2Fv2%2Fmedia&parent=18"}],"curies":[{"name":"wp","href":"https:\/\/api.w.org\/{rel}","templated":true}]}}