{"id":20,"date":"2013-03-19T15:16:15","date_gmt":"2013-03-19T15:16:15","guid":{"rendered":"https:\/\/www.stemat-jansen.fr\/?page_id=20"},"modified":"2020-02-21T10:54:15","modified_gmt":"2020-02-21T10:54:15","slug":"attestations-et-certifications","status":"publish","type":"page","link":"https:\/\/www.stemat-jansen.fr\/?page_id=20","title":{"rendered":"Attestations et certifications"},"content":{"rendered":"<p>Toute la robinetterie industrielle STEMAT-JANSEN est \u00e9labor\u00e9e dans le respect des crit\u00e8res de qualit\u00e9 les plus stricts et des r\u00e9glementations et directives en vigueur :<br \/>\n&#8211;\u00a0 ISO 9001<br \/>\n&#8211;\u00a0\u00a0DESP 97\/23<br \/>\n&#8211;\u00a0 ATEX LCIE<br \/>\n&#8211;\u00a0 API<br \/>\n&#8211;\u00a0 ASTM<br \/>\n&#8211;\u00a0 ANSI<\/p>\n<p>Les vannes, robinets, clapets et filtres STEMAT-JANSEN sont fabriqu\u00e9s selon les normes :<br \/>\n&#8211; DIN (normes Allemandes)<br \/>\n&#8211; ASA (normes Am\u00e9ricaines)<br \/>\n&#8211; NFE (normes Fran\u00e7aises)<br \/>\n&#8211; GOST (normes Russes)<br \/>\n&#8211; B.S (normes Anglaises)<\/p>\n","protected":false},"excerpt":{"rendered":"<p>Toute la robinetterie industrielle STEMAT-JANSEN est \u00e9labor\u00e9e dans le respect des crit\u00e8res de qualit\u00e9 les plus stricts et des r\u00e9glementations et directives en vigueur : &#8211;\u00a0 ISO 9001 &#8211;\u00a0\u00a0DESP 97\/23 &#8211;\u00a0 ATEX LCIE &#8211;\u00a0 API &#8211;\u00a0 ASTM &#8211;\u00a0 ANSI Les vannes, robinets, clapets et filtres STEMAT-JANSEN sont fabriqu\u00e9s selon les normes : &#8211; DIN (normes [&hellip;]<\/p>\n","protected":false},"author":16,"featured_media":0,"parent":0,"menu_order":0,"comment_status":"closed","ping_status":"closed","template":"","meta":{"_acf_changed":false,"inline_featured_image":false,"footnotes":""},"class_list":["post-20","page","type-page","status-publish","hentry"],"acf":[],"yoast_head":"<!-- This site is optimized with the Yoast SEO plugin v27.4 - https:\/\/yoast.com\/product\/yoast-seo-wordpress\/ -->\n<title>Attestations et certifications | Stemat-Jansen<\/title>\n<meta name=\"description\" content=\"Toute la robinetterie industrielle STEMAT-JANSEN est \u00e9labor\u00e9e dans le respect des crit\u00e8res de qualit\u00e9 les plus stricts et des r\u00e9glementations et\" \/>\n<meta name=\"robots\" content=\"index, follow, max-snippet:-1, max-image-preview:large, max-video-preview:-1\" \/>\n<link rel=\"canonical\" href=\"https:\/\/www.stemat-jansen.fr\/?page_id=20\" \/>\n<meta property=\"og:locale\" content=\"fr_FR\" \/>\n<meta property=\"og:type\" content=\"article\" \/>\n<meta property=\"og:title\" content=\"Attestations et certifications | Stemat-Jansen\" \/>\n<meta property=\"og:description\" content=\"Toute la robinetterie industrielle STEMAT-JANSEN est \u00e9labor\u00e9e dans le respect des crit\u00e8res de qualit\u00e9 les plus stricts et des r\u00e9glementations et\" \/>\n<meta property=\"og:url\" content=\"https:\/\/www.stemat-jansen.fr\/?page_id=20\" \/>\n<meta property=\"og:site_name\" content=\"Stemat-Jansen | Robinetterie industrielle\" \/>\n<meta property=\"article:modified_time\" content=\"2020-02-21T10:54:15+00:00\" \/>\n<script type=\"application\/ld+json\" class=\"yoast-schema-graph\">{\"@context\":\"https:\\\/\\\/schema.org\",\"@graph\":[{\"@type\":\"WebPage\",\"@id\":\"https:\\\/\\\/www.stemat-jansen.fr\\\/?page_id=20\",\"url\":\"https:\\\/\\\/www.stemat-jansen.fr\\\/?page_id=20\",\"name\":\"Attestations et certifications | Stemat-Jansen\",\"isPartOf\":{\"@id\":\"https:\\\/\\\/www.stemat-jansen.fr\\\/#website\"},\"datePublished\":\"2013-03-19T15:16:15+00:00\",\"dateModified\":\"2020-02-21T10:54:15+00:00\",\"description\":\"Toute la robinetterie industrielle STEMAT-JANSEN est \u00e9labor\u00e9e dans le respect des crit\u00e8res de qualit\u00e9 les plus stricts et des r\u00e9glementations et\",\"inLanguage\":\"fr-FR\",\"potentialAction\":[{\"@type\":\"ReadAction\",\"target\":[\"https:\\\/\\\/www.stemat-jansen.fr\\\/?page_id=20\"]}]},{\"@type\":\"WebSite\",\"@id\":\"https:\\\/\\\/www.stemat-jansen.fr\\\/#website\",\"url\":\"https:\\\/\\\/www.stemat-jansen.fr\\\/\",\"name\":\"Stemat-Jansen | Robinetterie industrielle\",\"description\":\"Distributeur de vannes, robinets, clapets et filtres pour les installations industrielles. Stemat-Jansen, sp\u00e9cialiste de la robinetterie industrielle pour tous domaines d\u2019application.\",\"potentialAction\":[{\"@type\":\"SearchAction\",\"target\":{\"@type\":\"EntryPoint\",\"urlTemplate\":\"https:\\\/\\\/www.stemat-jansen.fr\\\/?s={search_term_string}\"},\"query-input\":{\"@type\":\"PropertyValueSpecification\",\"valueRequired\":true,\"valueName\":\"search_term_string\"}}],\"inLanguage\":\"fr-FR\"}]}<\/script>\n<!-- \/ Yoast SEO plugin. -->","yoast_head_json":{"title":"Attestations et certifications | Stemat-Jansen","description":"Toute la robinetterie industrielle STEMAT-JANSEN est \u00e9labor\u00e9e dans le respect des crit\u00e8res de qualit\u00e9 les plus stricts et des r\u00e9glementations et","robots":{"index":"index","follow":"follow","max-snippet":"max-snippet:-1","max-image-preview":"max-image-preview:large","max-video-preview":"max-video-preview:-1"},"canonical":"https:\/\/www.stemat-jansen.fr\/?page_id=20","og_locale":"fr_FR","og_type":"article","og_title":"Attestations et certifications | Stemat-Jansen","og_description":"Toute la robinetterie industrielle STEMAT-JANSEN est \u00e9labor\u00e9e dans le respect des crit\u00e8res de qualit\u00e9 les plus stricts et des r\u00e9glementations et","og_url":"https:\/\/www.stemat-jansen.fr\/?page_id=20","og_site_name":"Stemat-Jansen | Robinetterie industrielle","article_modified_time":"2020-02-21T10:54:15+00:00","schema":{"@context":"https:\/\/schema.org","@graph":[{"@type":"WebPage","@id":"https:\/\/www.stemat-jansen.fr\/?page_id=20","url":"https:\/\/www.stemat-jansen.fr\/?page_id=20","name":"Attestations et certifications | Stemat-Jansen","isPartOf":{"@id":"https:\/\/www.stemat-jansen.fr\/#website"},"datePublished":"2013-03-19T15:16:15+00:00","dateModified":"2020-02-21T10:54:15+00:00","description":"Toute la robinetterie industrielle STEMAT-JANSEN est \u00e9labor\u00e9e dans le respect des crit\u00e8res de qualit\u00e9 les plus stricts et des r\u00e9glementations et","inLanguage":"fr-FR","potentialAction":[{"@type":"ReadAction","target":["https:\/\/www.stemat-jansen.fr\/?page_id=20"]}]},{"@type":"WebSite","@id":"https:\/\/www.stemat-jansen.fr\/#website","url":"https:\/\/www.stemat-jansen.fr\/","name":"Stemat-Jansen | Robinetterie industrielle","description":"Distributeur de vannes, robinets, clapets et filtres pour les installations industrielles. Stemat-Jansen, sp\u00e9cialiste de la robinetterie industrielle pour tous domaines d\u2019application.","potentialAction":[{"@type":"SearchAction","target":{"@type":"EntryPoint","urlTemplate":"https:\/\/www.stemat-jansen.fr\/?s={search_term_string}"},"query-input":{"@type":"PropertyValueSpecification","valueRequired":true,"valueName":"search_term_string"}}],"inLanguage":"fr-FR"}]}},"_links":{"self":[{"href":"https:\/\/www.stemat-jansen.fr\/index.php?rest_route=\/wp\/v2\/pages\/20","targetHints":{"allow":["GET"]}}],"collection":[{"href":"https:\/\/www.stemat-jansen.fr\/index.php?rest_route=\/wp\/v2\/pages"}],"about":[{"href":"https:\/\/www.stemat-jansen.fr\/index.php?rest_route=\/wp\/v2\/types\/page"}],"author":[{"embeddable":true,"href":"https:\/\/www.stemat-jansen.fr\/index.php?rest_route=\/wp\/v2\/users\/16"}],"replies":[{"embeddable":true,"href":"https:\/\/www.stemat-jansen.fr\/index.php?rest_route=%2Fwp%2Fv2%2Fcomments&post=20"}],"version-history":[{"count":12,"href":"https:\/\/www.stemat-jansen.fr\/index.php?rest_route=\/wp\/v2\/pages\/20\/revisions"}],"predecessor-version":[{"id":1557,"href":"https:\/\/www.stemat-jansen.fr\/index.php?rest_route=\/wp\/v2\/pages\/20\/revisions\/1557"}],"wp:attachment":[{"href":"https:\/\/www.stemat-jansen.fr\/index.php?rest_route=%2Fwp%2Fv2%2Fmedia&parent=20"}],"curies":[{"name":"wp","href":"https:\/\/api.w.org\/{rel}","templated":true}]}}